{"id":2336,"date":"2025-06-18T21:10:58","date_gmt":"2025-06-18T20:10:58","guid":{"rendered":"https:\/\/sofra.waw.pl\/?page_id=2336"},"modified":"2025-06-18T21:14:36","modified_gmt":"2025-06-18T20:14:36","slug":"przyjecia","status":"publish","type":"page","link":"https:\/\/sofra.waw.pl\/?page_id=2336","title":{"rendered":"Przyj\u0119cia"},"content":{"rendered":"\t\t<div data-elementor-type=\"wp-page\" data-elementor-id=\"2336\" class=\"elementor elementor-2336\">\n\t\t\t\t\t\t<section class=\"elementor-section elementor-top-section elementor-element elementor-element-0e5ccf5 elementor-section-height-min-height elementor-section-content-middle elementor-reverse-mobile elementor-section-stretched elementor-section-boxed elementor-section-height-default elementor-section-items-middle\" data-id=\"0e5ccf5\" data-element_type=\"section\" data-settings=\"{&quot;background_background&quot;:&quot;none&quot;,&quot;animation&quot;:&quot;none&quot;,&quot;stretch_section&quot;:&quot;section-stretched&quot;,&quot;animation_mobile&quot;:&quot;none&quot;}\">\n\t\t\t\t\t\t<div class=\"elementor-container elementor-column-gap-default\">\n\t\t\t\t\t<div class=\"elementor-column elementor-col-50 elementor-top-column elementor-element elementor-element-7fb545b\" data-id=\"7fb545b\" data-element_type=\"column\" data-settings=\"{&quot;animation&quot;:&quot;none&quot;,&quot;animation_mobile&quot;:&quot;none&quot;}\">\n\t\t\t<div class=\"elementor-widget-wrap elementor-element-populated\">\n\t\t\t\t\t\t<div class=\"elementor-element elementor-element-111a00b elementor-arrows-position-inside elementor-pagination-position-outside elementor-widget elementor-widget-image-carousel\" data-id=\"111a00b\" data-element_type=\"widget\" data-settings=\"{&quot;slides_to_show&quot;:&quot;1&quot;,&quot;autoplay&quot;:&quot;no&quot;,&quot;navigation&quot;:&quot;both&quot;,&quot;infinite&quot;:&quot;yes&quot;,&quot;effect&quot;:&quot;slide&quot;,&quot;speed&quot;:500}\" data-widget_type=\"image-carousel.default\">\n\t\t\t\t<div class=\"elementor-widget-container\">\n\t\t\t\t\t\t\t<div class=\"elementor-image-carousel-wrapper swiper\" role=\"region\" aria-roledescription=\"carousel\" aria-label=\"Karuzela obrazk\u00f3w\" dir=\"ltr\">\n\t\t\t<div class=\"elementor-image-carousel swiper-wrapper\" aria-live=\"polite\">\n\t\t\t\t\t\t\t\t<div class=\"swiper-slide\" role=\"group\" aria-roledescription=\"slide\" aria-label=\"1 z 1\"><a data-elementor-open-lightbox=\"yes\" data-elementor-lightbox-slideshow=\"111a00b\" data-elementor-lightbox-title=\"416689407_1759688921197478_2461636498986347034_n\" data-e-action-hash=\"#elementor-action%3Aaction%3Dlightbox%26settings%3DeyJpZCI6MjMzMiwidXJsIjoiaHR0cHM6XC9cL3NvZnJhLndhdy5wbFwvd3AtY29udGVudFwvdXBsb2Fkc1wvMjAyNVwvMDZcLzQxNjY4OTQwN18xNzU5Njg4OTIxMTk3NDc4XzI0NjE2MzY0OTg5ODYzNDcwMzRfbi5qcGciLCJzbGlkZXNob3ciOiIxMTFhMDBiIn0%3D\" href=\"https:\/\/sofra.waw.pl\/wp-content\/uploads\/2025\/06\/416689407_1759688921197478_2461636498986347034_n.jpg\"><figure class=\"swiper-slide-inner\"><img decoding=\"async\" class=\"swiper-slide-image\" src=\"https:\/\/sofra.waw.pl\/wp-content\/uploads\/elementor\/thumbs\/416689407_1759688921197478_2461636498986347034_n-r7i6p6k5r0ed483mbkwl4r2vr7c3h4rs1wgqppz4a8.jpg\" alt=\"416689407_1759688921197478_2461636498986347034_n\" \/><\/figure><\/a><\/div>\t\t\t<\/div>\n\t\t\t\t\t<\/div>\n\t\t\t\t\t\t<\/div>\n\t\t\t\t<\/div>\n\t\t\t\t\t<\/div>\n\t\t<\/div>\n\t\t\t\t<div class=\"elementor-column elementor-col-50 elementor-top-column elementor-element elementor-element-52539f9\" data-id=\"52539f9\" data-element_type=\"column\" data-settings=\"{&quot;animation&quot;:&quot;none&quot;,&quot;animation_mobile&quot;:&quot;none&quot;}\">\n\t\t\t<div class=\"elementor-widget-wrap elementor-element-populated\">\n\t\t\t\t\t\t<div class=\"elementor-element elementor-element-75339f8 animated-slow elementor-widget-divider--view-line elementor-invisible elementor-widget elementor-widget-divider\" data-id=\"75339f8\" data-element_type=\"widget\" data-settings=\"{&quot;_animation&quot;:&quot;fadeIn&quot;,&quot;_animation_mobile&quot;:&quot;fadeIn&quot;}\" data-widget_type=\"divider.default\">\n\t\t\t\t<div class=\"elementor-widget-container\">\n\t\t\t\t\t\t\t<div class=\"elementor-divider\">\n\t\t\t<span class=\"elementor-divider-separator\">\n\t\t\t\t\t\t<\/span>\n\t\t<\/div>\n\t\t\t\t\t\t<\/div>\n\t\t\t\t<\/div>\n\t\t\t\t<div class=\"elementor-element elementor-element-783e42b animated-slow elementor-invisible elementor-widget elementor-widget-heading\" data-id=\"783e42b\" data-element_type=\"widget\" data-settings=\"{&quot;_animation&quot;:&quot;fadeIn&quot;,&quot;_animation_mobile&quot;:&quot;fadeIn&quot;}\" data-widget_type=\"heading.default\">\n\t\t\t\t<div class=\"elementor-widget-container\">\n\t\t\t\t\t<h3 class=\"elementor-heading-title elementor-size-large\">Przyj\u0119cie w sofrze<\/h3>\t\t\t\t<\/div>\n\t\t\t\t<\/div>\n\t\t\t\t<div class=\"elementor-element elementor-element-67cd08d animated-slow elementor-invisible elementor-widget elementor-widget-text-editor\" data-id=\"67cd08d\" data-element_type=\"widget\" data-settings=\"{&quot;_animation_mobile&quot;:&quot;fadeIn&quot;,&quot;_animation&quot;:&quot;fadeIn&quot;}\" data-widget_type=\"text-editor.default\">\n\t\t\t\t<div class=\"elementor-widget-container\">\n\t\t\t\t\t\t\t\t\t<div><div>\u00a0<\/div><\/div><div><div><p>Zaprasza do organizacji wyj\u0105tkowych przyj\u0119\u0107\u00a0zar\u00f3wno prywatnych, jak i firmowych.<\/p><p>Oferujemy przestrze\u0144 idealn\u0105 na wesela, komunie, chrzciny oraz r\u00f3\u017cnego rodzaju przyj\u0119cia okoliczno\u015bciowe.<\/p><p>Dla firm\u00a0organizujemy spotkania integracyjne, kolacje biznesowe oraz wigilie firmowe.<\/p><p>Nasza restauracja jest w stanie pomie\u015bci\u0107 do\u00a0150 os\u00f3b\u00a0na przyj\u0119ciach koktajlowych oraz do\u00a0100 os\u00f3b\u00a0w ustawieniu zasiadanym.<\/p><div><div><h3>Wyposa\u017cenie i udogodnienia<\/h3><\/div><\/div><div><div><p>Do dyspozycji naszych go\u015bci oddajemy parkiet taneczny, profesjonalne nag\u0142o\u015bnienie, mikrofony, DJ-a oraz wodzireja. Oferujemy tak\u017ce mo\u017cliwo\u015b\u0107 zorganizowania\u00a0silent disco, co pozwala dostosowa\u0107 muzyk\u0119 do indywidualnych potrzeb ka\u017cdego wydarzenia. Dodatkowo dysponujemy\u00a0pianinem\u00a0oraz\u00a0sprz<wbr \/>\u0119tem multimedialnym, idealnym do organizacji spotka\u0144 i konferencji.\u00a0<img decoding=\"async\" class=\"an1 CToWUd\" draggable=\"false\" src=\"https:\/\/fonts.gstatic.com\/s\/e\/notoemoji\/16.0\/1f3b6\/32.png\" alt=\"\ud83c\udfb6\" width=\"17\" height=\"17\" data-emoji=\"\ud83c\udfb6\" aria-label=\"\ud83c\udfb6\" data-bit=\"iit\" \/><img decoding=\"async\" class=\"an1 CToWUd\" draggable=\"false\" src=\"https:\/\/fonts.gstatic.com\/s\/e\/notoemoji\/16.0\/1f3a4\/32.png\" alt=\"\ud83c\udfa4\" width=\"17\" height=\"17\" data-emoji=\"\ud83c\udfa4\" aria-label=\"\ud83c\udfa4\" data-bit=\"iit\" \/><img decoding=\"async\" class=\"an1 CToWUd\" draggable=\"false\" src=\"https:\/\/fonts.gstatic.com\/s\/e\/notoemoji\/16.0\/1f3b9\/32.png\" alt=\"\ud83c\udfb9\" width=\"17\" height=\"17\" data-emoji=\"\ud83c\udfb9\" aria-label=\"\ud83c\udfb9\" data-bit=\"iit\" \/><img loading=\"lazy\" decoding=\"async\" class=\"an1 CToWUd\" draggable=\"false\" src=\"https:\/\/fonts.gstatic.com\/s\/e\/notoemoji\/16.0\/1f4fd_fe0f\/32.png\" alt=\"\ud83d\udcfd\ufe0f\" width=\"17\" height=\"17\" data-emoji=\"\ud83d\udcfd\ufe0f\" aria-label=\"\ud83d\udcfd\ufe0f\" data-bit=\"iit\" \/><\/p><div><div><h3>Wesela, komunie i chrzciny<\/h3><\/div><\/div><div><div><p>Cafe Mozaika to idealne miejsce na organizacj\u0119 wesela w mie\u015bcie . Po\u0142o\u017cona w sercu Warszawy, zapewni wam super atmosfer\u0119 i szybki dojazd i powr\u00f3t z domu<\/p><p>Nasza sala weselna mie\u015bci do 80 os\u00f3b, a w okresie letnim oferujemy dodatkowo ogr\u00f3dek<\/p><div><div><h3>Przyj\u0119cia Firmowe<\/h3><\/div><\/div><div><div><p>Organizujemy r\u00f3wnie\u017c spotkania integracyjne, kolacje biznesowe oraz wigilie firmowe.<\/p><p>Nasze przestrzenie s\u0105 idealne do wszelkiego rodzaju wydarze\u0144 firmowych, zapewniaj\u0105c komfortow\u0105 i butikow\u0105 atmosfer\u0119 oraz profesjonaln\u0105 obs\u0142ug\u0119.<\/p><p>Dostosowujemy nasze us\u0142ugi do indywidualnych potrzeb ka\u017cdej firmy, aby ka\u017cde wydarzenie by\u0142o udane i zapami\u0119tane na d\u0142ugo.<\/p><p>po\u0142o\u017cenie to najwi\u0119kszy\u00a0atut, szybki powr\u00f3t do domu, dost\u0119pno\u015b\u0107\u00a0komunikacji miejskiej i taks\u00f3wek jest najlepszym rozwi\u0105zaniem\u00a0na podr\u00f3\u017c do nas,<\/p><p>Napisz do nas: <a href=\"https:\/\/linktr.ee\/sofra.mezze.food\">Klinij tutaj<\/a><\/p><\/div><\/div><\/div><\/div><\/div><\/div><\/div><\/div>\t\t\t\t\t\t\t\t<\/div>\n\t\t\t\t<\/div>\n\t\t\t\t\t<\/div>\n\t\t<\/div>\n\t\t\t\t\t<\/div>\n\t\t<\/section>\n\t\t\t\t<\/div>\n\t\t","protected":false},"excerpt":{"rendered":"<p>Przyj\u0119cie w sofrze \u00a0 Zaprasza do organizacji wyj\u0105tkowych przyj\u0119\u0107\u00a0zar\u00f3wno prywatnych, jak i firmowych. Oferujemy przestrze\u0144 idealn\u0105 na wesela, komunie, chrzciny oraz r\u00f3\u017cnego rodzaju przyj\u0119cia okoliczno\u015bciowe. Dla firm\u00a0organizujemy spotkania integracyjne, kolacje biznesowe oraz wigilie firmowe. Nasza restauracja jest w stanie pomie\u015bci\u0107 do\u00a0150 os\u00f3b\u00a0na przyj\u0119ciach koktajlowych oraz do\u00a0100 os\u00f3b\u00a0w ustawieniu zasiadanym. Wyposa\u017cenie i udogodnienia Do dyspozycji naszych [&hellip;]<\/p>\n","protected":false},"author":1,"featured_media":0,"parent":0,"menu_order":0,"comment_status":"closed","ping_status":"closed","template":"","meta":{"ocean_post_layout":"","ocean_both_sidebars_style":"","ocean_both_sidebars_content_width":0,"ocean_both_sidebars_sidebars_width":0,"ocean_sidebar":"0","ocean_second_sidebar":"0","ocean_disable_margins":"enable","ocean_add_body_class":"","ocean_shortcode_before_top_bar":"","ocean_shortcode_after_top_bar":"","ocean_shortcode_before_header":"","ocean_shortcode_after_header":"","ocean_has_shortcode":"","ocean_shortcode_after_title":"","ocean_shortcode_before_footer_widgets":"","ocean_shortcode_after_footer_widgets":"","ocean_shortcode_before_footer_bottom":"","ocean_shortcode_after_footer_bottom":"","ocean_display_top_bar":"default","ocean_display_header":"default","ocean_header_style":"","ocean_center_header_left_menu":"0","ocean_custom_header_template":"0","ocean_custom_logo":0,"ocean_custom_retina_logo":0,"ocean_custom_logo_max_width":0,"ocean_custom_logo_tablet_max_width":0,"ocean_custom_logo_mobile_max_width":0,"ocean_custom_logo_max_height":0,"ocean_custom_logo_tablet_max_height":0,"ocean_custom_logo_mobile_max_height":0,"ocean_header_custom_menu":"0","ocean_menu_typo_font_family":"0","ocean_menu_typo_font_subset":"","ocean_menu_typo_font_size":0,"ocean_menu_typo_font_size_tablet":0,"ocean_menu_typo_font_size_mobile":0,"ocean_menu_typo_font_size_unit":"px","ocean_menu_typo_font_weight":"","ocean_menu_typo_font_weight_tablet":"","ocean_menu_typo_font_weight_mobile":"","ocean_menu_typo_transform":"","ocean_menu_typo_transform_tablet":"","ocean_menu_typo_transform_mobile":"","ocean_menu_typo_line_height":0,"ocean_menu_typo_line_height_tablet":0,"ocean_menu_typo_line_height_mobile":0,"ocean_menu_typo_line_height_unit":"","ocean_menu_typo_spacing":0,"ocean_menu_typo_spacing_tablet":0,"ocean_menu_typo_spacing_mobile":0,"ocean_menu_typo_spacing_unit":"","ocean_menu_link_color":"","ocean_menu_link_color_hover":"","ocean_menu_link_color_active":"","ocean_menu_link_background":"","ocean_menu_link_hover_background":"","ocean_menu_link_active_background":"","ocean_menu_social_links_bg":"","ocean_menu_social_hover_links_bg":"","ocean_menu_social_links_color":"","ocean_menu_social_hover_links_color":"","ocean_disable_title":"default","ocean_disable_heading":"default","ocean_post_title":"","ocean_post_subheading":"","ocean_post_title_style":"","ocean_post_title_background_color":"","ocean_post_title_background":0,"ocean_post_title_bg_image_position":"","ocean_post_title_bg_image_attachment":"","ocean_post_title_bg_image_repeat":"","ocean_post_title_bg_image_size":"","ocean_post_title_height":0,"ocean_post_title_bg_overlay":0.5,"ocean_post_title_bg_overlay_color":"","ocean_disable_breadcrumbs":"default","ocean_breadcrumbs_color":"","ocean_breadcrumbs_separator_color":"","ocean_breadcrumbs_links_color":"","ocean_breadcrumbs_links_hover_color":"","ocean_display_footer_widgets":"default","ocean_display_footer_bottom":"default","ocean_custom_footer_template":"0","footnotes":""},"class_list":["post-2336","page","type-page","status-publish","hentry","entry"],"yoast_head":"<!-- This site is optimized with the Yoast SEO plugin v24.5 - https:\/\/yoast.com\/wordpress\/plugins\/seo\/ -->\n<title>Przyj\u0119cia - Sofra<\/title>\n<meta name=\"robots\" content=\"index, follow, max-snippet:-1, max-image-preview:large, max-video-preview:-1\" \/>\n<link rel=\"canonical\" href=\"https:\/\/sofra.waw.pl\/?page_id=2336\" \/>\n<meta property=\"og:locale\" content=\"pl_PL\" \/>\n<meta property=\"og:type\" content=\"article\" \/>\n<meta property=\"og:title\" content=\"Przyj\u0119cia - Sofra\" \/>\n<meta property=\"og:description\" content=\"Przyj\u0119cie w sofrze \u00a0 Zaprasza do organizacji wyj\u0105tkowych przyj\u0119\u0107\u00a0zar\u00f3wno prywatnych, jak i firmowych. Oferujemy przestrze\u0144 idealn\u0105 na wesela, komunie, chrzciny oraz r\u00f3\u017cnego rodzaju przyj\u0119cia okoliczno\u015bciowe. Dla firm\u00a0organizujemy spotkania integracyjne, kolacje biznesowe oraz wigilie firmowe. Nasza restauracja jest w stanie pomie\u015bci\u0107 do\u00a0150 os\u00f3b\u00a0na przyj\u0119ciach koktajlowych oraz do\u00a0100 os\u00f3b\u00a0w ustawieniu zasiadanym. Wyposa\u017cenie i udogodnienia Do dyspozycji naszych [&hellip;]\" \/>\n<meta property=\"og:url\" content=\"https:\/\/sofra.waw.pl\/?page_id=2336\" \/>\n<meta property=\"og:site_name\" content=\"Sofra\" \/>\n<meta property=\"article:publisher\" content=\"https:\/\/www.facebook.com\/sofra.warszawa\/\" \/>\n<meta property=\"article:modified_time\" content=\"2025-06-18T20:14:36+00:00\" \/>\n<meta property=\"og:image\" content=\"https:\/\/sofra.waw.pl\/wp-content\/uploads\/elementor\/thumbs\/416689407_1759688921197478_2461636498986347034_n-r7i6p6k5r0ed483mbkwl4r2vr7c3h4rs1wgqppz4a8.jpg\" \/>\n<meta name=\"twitter:card\" content=\"summary_large_image\" \/>\n<meta name=\"twitter:label1\" content=\"Szacowany czas czytania\" \/>\n\t<meta name=\"twitter:data1\" content=\"3 minuty\" \/>\n<script type=\"application\/ld+json\" class=\"yoast-schema-graph\">{\"@context\":\"https:\/\/schema.org\",\"@graph\":[{\"@type\":\"WebPage\",\"@id\":\"https:\/\/sofra.waw.pl\/?page_id=2336\",\"url\":\"https:\/\/sofra.waw.pl\/?page_id=2336\",\"name\":\"Przyj\u0119cia - Sofra\",\"isPartOf\":{\"@id\":\"https:\/\/sofra.waw.pl\/#website\"},\"primaryImageOfPage\":{\"@id\":\"https:\/\/sofra.waw.pl\/?page_id=2336#primaryimage\"},\"image\":{\"@id\":\"https:\/\/sofra.waw.pl\/?page_id=2336#primaryimage\"},\"thumbnailUrl\":\"https:\/\/sofra.waw.pl\/wp-content\/uploads\/elementor\/thumbs\/416689407_1759688921197478_2461636498986347034_n-r7i6p6k5r0ed483mbkwl4r2vr7c3h4rs1wgqppz4a8.jpg\",\"datePublished\":\"2025-06-18T20:10:58+00:00\",\"dateModified\":\"2025-06-18T20:14:36+00:00\",\"breadcrumb\":{\"@id\":\"https:\/\/sofra.waw.pl\/?page_id=2336#breadcrumb\"},\"inLanguage\":\"pl-PL\",\"potentialAction\":[{\"@type\":\"ReadAction\",\"target\":[\"https:\/\/sofra.waw.pl\/?page_id=2336\"]}]},{\"@type\":\"ImageObject\",\"inLanguage\":\"pl-PL\",\"@id\":\"https:\/\/sofra.waw.pl\/?page_id=2336#primaryimage\",\"url\":\"https:\/\/sofra.waw.pl\/wp-content\/uploads\/elementor\/thumbs\/416689407_1759688921197478_2461636498986347034_n-r7i6p6k5r0ed483mbkwl4r2vr7c3h4rs1wgqppz4a8.jpg\",\"contentUrl\":\"https:\/\/sofra.waw.pl\/wp-content\/uploads\/elementor\/thumbs\/416689407_1759688921197478_2461636498986347034_n-r7i6p6k5r0ed483mbkwl4r2vr7c3h4rs1wgqppz4a8.jpg\"},{\"@type\":\"BreadcrumbList\",\"@id\":\"https:\/\/sofra.waw.pl\/?page_id=2336#breadcrumb\",\"itemListElement\":[{\"@type\":\"ListItem\",\"position\":1,\"name\":\"Strona g\u0142\u00f3wna\",\"item\":\"https:\/\/sofra.waw.pl\/\"},{\"@type\":\"ListItem\",\"position\":2,\"name\":\"Przyj\u0119cia\"}]},{\"@type\":\"WebSite\",\"@id\":\"https:\/\/sofra.waw.pl\/#website\",\"url\":\"https:\/\/sofra.waw.pl\/\",\"name\":\"Sofra\",\"description\":\"Sofra Mezze &amp; Food\",\"publisher\":{\"@id\":\"https:\/\/sofra.waw.pl\/#organization\"},\"potentialAction\":[{\"@type\":\"SearchAction\",\"target\":{\"@type\":\"EntryPoint\",\"urlTemplate\":\"https:\/\/sofra.waw.pl\/?s={search_term_string}\"},\"query-input\":{\"@type\":\"PropertyValueSpecification\",\"valueRequired\":true,\"valueName\":\"search_term_string\"}}],\"inLanguage\":\"pl-PL\"},{\"@type\":\"Organization\",\"@id\":\"https:\/\/sofra.waw.pl\/#organization\",\"name\":\"Sofra\",\"url\":\"https:\/\/sofra.waw.pl\/\",\"logo\":{\"@type\":\"ImageObject\",\"inLanguage\":\"pl-PL\",\"@id\":\"https:\/\/sofra.waw.pl\/#\/schema\/logo\/image\/\",\"url\":\"https:\/\/sofra.waw.pl\/wp-content\/uploads\/2022\/01\/cropped-56943_367555509989881_1344063557_o-removebg-preview-9.png\",\"contentUrl\":\"https:\/\/sofra.waw.pl\/wp-content\/uploads\/2022\/01\/cropped-56943_367555509989881_1344063557_o-removebg-preview-9.png\",\"width\":500,\"height\":363,\"caption\":\"Sofra\"},\"image\":{\"@id\":\"https:\/\/sofra.waw.pl\/#\/schema\/logo\/image\/\"},\"sameAs\":[\"https:\/\/www.facebook.com\/sofra.warszawa\/\",\"https:\/\/www.instagram.com\/sofra_mezze_food\/\"]}]}<\/script>\n<!-- \/ Yoast SEO plugin. -->","yoast_head_json":{"title":"Przyj\u0119cia - Sofra","robots":{"index":"index","follow":"follow","max-snippet":"max-snippet:-1","max-image-preview":"max-image-preview:large","max-video-preview":"max-video-preview:-1"},"canonical":"https:\/\/sofra.waw.pl\/?page_id=2336","og_locale":"pl_PL","og_type":"article","og_title":"Przyj\u0119cia - Sofra","og_description":"Przyj\u0119cie w sofrze \u00a0 Zaprasza do organizacji wyj\u0105tkowych przyj\u0119\u0107\u00a0zar\u00f3wno prywatnych, jak i firmowych. Oferujemy przestrze\u0144 idealn\u0105 na wesela, komunie, chrzciny oraz r\u00f3\u017cnego rodzaju przyj\u0119cia okoliczno\u015bciowe. Dla firm\u00a0organizujemy spotkania integracyjne, kolacje biznesowe oraz wigilie firmowe. Nasza restauracja jest w stanie pomie\u015bci\u0107 do\u00a0150 os\u00f3b\u00a0na przyj\u0119ciach koktajlowych oraz do\u00a0100 os\u00f3b\u00a0w ustawieniu zasiadanym. Wyposa\u017cenie i udogodnienia Do dyspozycji naszych [&hellip;]","og_url":"https:\/\/sofra.waw.pl\/?page_id=2336","og_site_name":"Sofra","article_publisher":"https:\/\/www.facebook.com\/sofra.warszawa\/","article_modified_time":"2025-06-18T20:14:36+00:00","og_image":[{"url":"https:\/\/sofra.waw.pl\/wp-content\/uploads\/elementor\/thumbs\/416689407_1759688921197478_2461636498986347034_n-r7i6p6k5r0ed483mbkwl4r2vr7c3h4rs1wgqppz4a8.jpg","type":"","width":"","height":""}],"twitter_card":"summary_large_image","twitter_misc":{"Szacowany czas czytania":"3 minuty"},"schema":{"@context":"https:\/\/schema.org","@graph":[{"@type":"WebPage","@id":"https:\/\/sofra.waw.pl\/?page_id=2336","url":"https:\/\/sofra.waw.pl\/?page_id=2336","name":"Przyj\u0119cia - Sofra","isPartOf":{"@id":"https:\/\/sofra.waw.pl\/#website"},"primaryImageOfPage":{"@id":"https:\/\/sofra.waw.pl\/?page_id=2336#primaryimage"},"image":{"@id":"https:\/\/sofra.waw.pl\/?page_id=2336#primaryimage"},"thumbnailUrl":"https:\/\/sofra.waw.pl\/wp-content\/uploads\/elementor\/thumbs\/416689407_1759688921197478_2461636498986347034_n-r7i6p6k5r0ed483mbkwl4r2vr7c3h4rs1wgqppz4a8.jpg","datePublished":"2025-06-18T20:10:58+00:00","dateModified":"2025-06-18T20:14:36+00:00","breadcrumb":{"@id":"https:\/\/sofra.waw.pl\/?page_id=2336#breadcrumb"},"inLanguage":"pl-PL","potentialAction":[{"@type":"ReadAction","target":["https:\/\/sofra.waw.pl\/?page_id=2336"]}]},{"@type":"ImageObject","inLanguage":"pl-PL","@id":"https:\/\/sofra.waw.pl\/?page_id=2336#primaryimage","url":"https:\/\/sofra.waw.pl\/wp-content\/uploads\/elementor\/thumbs\/416689407_1759688921197478_2461636498986347034_n-r7i6p6k5r0ed483mbkwl4r2vr7c3h4rs1wgqppz4a8.jpg","contentUrl":"https:\/\/sofra.waw.pl\/wp-content\/uploads\/elementor\/thumbs\/416689407_1759688921197478_2461636498986347034_n-r7i6p6k5r0ed483mbkwl4r2vr7c3h4rs1wgqppz4a8.jpg"},{"@type":"BreadcrumbList","@id":"https:\/\/sofra.waw.pl\/?page_id=2336#breadcrumb","itemListElement":[{"@type":"ListItem","position":1,"name":"Strona g\u0142\u00f3wna","item":"https:\/\/sofra.waw.pl\/"},{"@type":"ListItem","position":2,"name":"Przyj\u0119cia"}]},{"@type":"WebSite","@id":"https:\/\/sofra.waw.pl\/#website","url":"https:\/\/sofra.waw.pl\/","name":"Sofra","description":"Sofra Mezze &amp; Food","publisher":{"@id":"https:\/\/sofra.waw.pl\/#organization"},"potentialAction":[{"@type":"SearchAction","target":{"@type":"EntryPoint","urlTemplate":"https:\/\/sofra.waw.pl\/?s={search_term_string}"},"query-input":{"@type":"PropertyValueSpecification","valueRequired":true,"valueName":"search_term_string"}}],"inLanguage":"pl-PL"},{"@type":"Organization","@id":"https:\/\/sofra.waw.pl\/#organization","name":"Sofra","url":"https:\/\/sofra.waw.pl\/","logo":{"@type":"ImageObject","inLanguage":"pl-PL","@id":"https:\/\/sofra.waw.pl\/#\/schema\/logo\/image\/","url":"https:\/\/sofra.waw.pl\/wp-content\/uploads\/2022\/01\/cropped-56943_367555509989881_1344063557_o-removebg-preview-9.png","contentUrl":"https:\/\/sofra.waw.pl\/wp-content\/uploads\/2022\/01\/cropped-56943_367555509989881_1344063557_o-removebg-preview-9.png","width":500,"height":363,"caption":"Sofra"},"image":{"@id":"https:\/\/sofra.waw.pl\/#\/schema\/logo\/image\/"},"sameAs":["https:\/\/www.facebook.com\/sofra.warszawa\/","https:\/\/www.instagram.com\/sofra_mezze_food\/"]}]}},"_links":{"self":[{"href":"https:\/\/sofra.waw.pl\/index.php?rest_route=\/wp\/v2\/pages\/2336","targetHints":{"allow":["GET"]}}],"collection":[{"href":"https:\/\/sofra.waw.pl\/index.php?rest_route=\/wp\/v2\/pages"}],"about":[{"href":"https:\/\/sofra.waw.pl\/index.php?rest_route=\/wp\/v2\/types\/page"}],"author":[{"embeddable":true,"href":"https:\/\/sofra.waw.pl\/index.php?rest_route=\/wp\/v2\/users\/1"}],"replies":[{"embeddable":true,"href":"https:\/\/sofra.waw.pl\/index.php?rest_route=%2Fwp%2Fv2%2Fcomments&post=2336"}],"version-history":[{"count":4,"href":"https:\/\/sofra.waw.pl\/index.php?rest_route=\/wp\/v2\/pages\/2336\/revisions"}],"predecessor-version":[{"id":2340,"href":"https:\/\/sofra.waw.pl\/index.php?rest_route=\/wp\/v2\/pages\/2336\/revisions\/2340"}],"wp:attachment":[{"href":"https:\/\/sofra.waw.pl\/index.php?rest_route=%2Fwp%2Fv2%2Fmedia&parent=2336"}],"curies":[{"name":"wp","href":"https:\/\/api.w.org\/{rel}","templated":true}]}}