{"id":265,"date":"2020-08-22T21:53:00","date_gmt":"2020-08-22T18:53:00","guid":{"rendered":"http:\/\/51.38.129.137\/?page_id=265"},"modified":"2025-06-17T18:35:46","modified_gmt":"2025-06-17T17:35:46","slug":"lunche","status":"publish","type":"page","link":"https:\/\/sofra.waw.pl\/?page_id=265","title":{"rendered":"LUNCHE"},"content":{"rendered":"\t\t<div data-elementor-type=\"wp-page\" data-elementor-id=\"265\" class=\"elementor elementor-265\">\n\t\t\t\t\t\t<section class=\"elementor-section elementor-top-section elementor-element elementor-element-6444f5e elementor-section-height-min-height elementor-section-content-middle elementor-reverse-mobile elementor-section-stretched animated-slow elementor-section-boxed elementor-section-height-default elementor-section-items-middle\" data-id=\"6444f5e\" data-element_type=\"section\" data-settings=\"{&quot;background_background&quot;:&quot;none&quot;,&quot;animation&quot;:&quot;none&quot;,&quot;stretch_section&quot;:&quot;section-stretched&quot;,&quot;animation_mobile&quot;:&quot;none&quot;}\">\n\t\t\t\t\t\t<div class=\"elementor-container elementor-column-gap-default\">\n\t\t\t\t\t<div class=\"elementor-column elementor-col-50 elementor-top-column elementor-element elementor-element-6bdf11f\" data-id=\"6bdf11f\" data-element_type=\"column\" data-settings=\"{&quot;animation&quot;:&quot;none&quot;,&quot;animation_mobile&quot;:&quot;none&quot;}\">\n\t\t\t<div class=\"elementor-widget-wrap elementor-element-populated\">\n\t\t\t\t\t\t<div class=\"elementor-element elementor-element-8a3671f elementor-arrows-position-inside elementor-pagination-position-outside elementor-widget elementor-widget-image-carousel\" data-id=\"8a3671f\" data-element_type=\"widget\" data-settings=\"{&quot;slides_to_show&quot;:&quot;1&quot;,&quot;autoplay&quot;:&quot;no&quot;,&quot;navigation&quot;:&quot;both&quot;,&quot;infinite&quot;:&quot;yes&quot;,&quot;effect&quot;:&quot;slide&quot;,&quot;speed&quot;:500}\" data-widget_type=\"image-carousel.default\">\n\t\t\t\t<div class=\"elementor-widget-container\">\n\t\t\t\t\t\t\t<div class=\"elementor-image-carousel-wrapper swiper\" role=\"region\" aria-roledescription=\"carousel\" aria-label=\"Karuzela obrazk\u00f3w\" dir=\"ltr\">\n\t\t\t<div class=\"elementor-image-carousel swiper-wrapper\" aria-live=\"polite\">\n\t\t\t\t\t\t\t\t<div class=\"swiper-slide\" role=\"group\" aria-roledescription=\"slide\" aria-label=\"1 z 1\"><a data-elementor-open-lightbox=\"yes\" data-elementor-lightbox-slideshow=\"8a3671f\" data-elementor-lightbox-title=\"SOFRA Lunch\" data-e-action-hash=\"#elementor-action%3Aaction%3Dlightbox%26settings%3DeyJpZCI6MjI4OSwidXJsIjoiaHR0cHM6XC9cL3NvZnJhLndhdy5wbFwvd3AtY29udGVudFwvdXBsb2Fkc1wvMjAyNVwvMDZcL1NPRlJBLWFsbDEuanBnIiwic2xpZGVzaG93IjoiOGEzNjcxZiJ9\" href=\"https:\/\/sofra.waw.pl\/wp-content\/uploads\/2025\/06\/SOFRA-all1.jpg\"><figure class=\"swiper-slide-inner\"><img decoding=\"async\" class=\"swiper-slide-image\" src=\"https:\/\/sofra.waw.pl\/wp-content\/uploads\/elementor\/thumbs\/SOFRA-all1-r7g9id2lcsnlfk5jyerxasv2ge9l7je4lhpfw54ynk.jpg\" alt=\"SOFRA Lunch\" \/><\/figure><\/a><\/div>\t\t\t<\/div>\n\t\t\t\t\t<\/div>\n\t\t\t\t\t\t<\/div>\n\t\t\t\t<\/div>\n\t\t\t\t\t<\/div>\n\t\t<\/div>\n\t\t\t\t<div class=\"elementor-column elementor-col-50 elementor-top-column elementor-element elementor-element-961617b\" data-id=\"961617b\" data-element_type=\"column\" data-settings=\"{&quot;animation&quot;:&quot;none&quot;,&quot;animation_mobile&quot;:&quot;none&quot;}\">\n\t\t\t<div class=\"elementor-widget-wrap elementor-element-populated\">\n\t\t\t\t\t\t<div class=\"elementor-element elementor-element-acf6fe3 animated-slow elementor-widget-divider--view-line elementor-invisible elementor-widget elementor-widget-divider\" data-id=\"acf6fe3\" data-element_type=\"widget\" data-settings=\"{&quot;_animation&quot;:&quot;fadeIn&quot;,&quot;_animation_mobile&quot;:&quot;fadeIn&quot;}\" data-widget_type=\"divider.default\">\n\t\t\t\t<div class=\"elementor-widget-container\">\n\t\t\t\t\t\t\t<div class=\"elementor-divider\">\n\t\t\t<span class=\"elementor-divider-separator\">\n\t\t\t\t\t\t<\/span>\n\t\t<\/div>\n\t\t\t\t\t\t<\/div>\n\t\t\t\t<\/div>\n\t\t\t\t<div class=\"elementor-element elementor-element-92110f5 animated-slow elementor-invisible elementor-widget elementor-widget-heading\" data-id=\"92110f5\" data-element_type=\"widget\" data-settings=\"{&quot;_animation&quot;:&quot;fadeIn&quot;,&quot;_animation_mobile&quot;:&quot;fadeIn&quot;}\" data-widget_type=\"heading.default\">\n\t\t\t\t<div class=\"elementor-widget-container\">\n\t\t\t\t\t<h3 class=\"elementor-heading-title elementor-size-large\">LUNCHE<\/h3>\t\t\t\t<\/div>\n\t\t\t\t<\/div>\n\t\t\t\t<div class=\"elementor-element elementor-element-05f0727 animated-slow elementor-invisible elementor-widget elementor-widget-text-editor\" data-id=\"05f0727\" data-element_type=\"widget\" data-settings=\"{&quot;_animation_mobile&quot;:&quot;fadeIn&quot;,&quot;_animation&quot;:&quot;fadeIn&quot;}\" data-widget_type=\"text-editor.default\">\n\t\t\t\t<div class=\"elementor-widget-container\">\n\t\t\t\t\t\t\t\t\t<p>Szukasz pysznego jedzenia, kt\u00f3re naprawd\u0119 ma smak? Wpadnij na Wilcz\u0105 71 do Sofra Mezze &amp; Food! Czeka na Ciebie kolorowa uczta: aromatyczne hummusy, chrupi\u0105ce falafele, \u015bwie\u017ce warzywa i klimatyczne wn\u0119trze. Tu Bliski Wsch\u00f3d spotyka Warszaw\u0119 \u2013 i to dzia\u0142a!<\/p><p>LUNCH W FORMIE ZUPY, DRUGIEGO DANIA, KARAFKI WODY , MINI DESERU I HERBATKI TURECKIEJ \u00a0OD PONIEDZIA\u0141KU DO PI\u0104TKU W 12-16.00 W CENIE 39 Z\u0141<\/p>\t\t\t\t\t\t\t\t<\/div>\n\t\t\t\t<\/div>\n\t\t\t\t\t<\/div>\n\t\t<\/div>\n\t\t\t\t\t<\/div>\n\t\t<\/section>\n\t\t\t\t<\/div>\n\t\t","protected":false},"excerpt":{"rendered":"<p>LUNCHE Szukasz pysznego jedzenia, kt\u00f3re naprawd\u0119 ma smak? Wpadnij na Wilcz\u0105 71 do Sofra Mezze &amp; Food! Czeka na Ciebie kolorowa uczta: aromatyczne hummusy, chrupi\u0105ce falafele, \u015bwie\u017ce warzywa i klimatyczne wn\u0119trze. Tu Bliski Wsch\u00f3d spotyka Warszaw\u0119 \u2013 i to dzia\u0142a! LUNCH W FORMIE ZUPY, DRUGIEGO DANIA, KARAFKI WODY , MINI DESERU I HERBATKI TURECKIEJ \u00a0OD [&hellip;]<\/p>\n","protected":false},"author":2,"featured_media":0,"parent":0,"menu_order":0,"comment_status":"closed","ping_status":"closed","template":"","meta":{"ocean_post_layout":"","ocean_both_sidebars_style":"","ocean_both_sidebars_content_width":0,"ocean_both_sidebars_sidebars_width":0,"ocean_sidebar":"0","ocean_second_sidebar":"0","ocean_disable_margins":"enable","ocean_add_body_class":"","ocean_shortcode_before_top_bar":"","ocean_shortcode_after_top_bar":"","ocean_shortcode_before_header":"","ocean_shortcode_after_header":"","ocean_has_shortcode":"","ocean_shortcode_after_title":"","ocean_shortcode_before_footer_widgets":"","ocean_shortcode_after_footer_widgets":"","ocean_shortcode_before_footer_bottom":"","ocean_shortcode_after_footer_bottom":"","ocean_display_top_bar":"default","ocean_display_header":"default","ocean_header_style":"","ocean_center_header_left_menu":"0","ocean_custom_header_template":"0","ocean_custom_logo":0,"ocean_custom_retina_logo":0,"ocean_custom_logo_max_width":0,"ocean_custom_logo_tablet_max_width":0,"ocean_custom_logo_mobile_max_width":0,"ocean_custom_logo_max_height":0,"ocean_custom_logo_tablet_max_height":0,"ocean_custom_logo_mobile_max_height":0,"ocean_header_custom_menu":"0","ocean_menu_typo_font_family":"0","ocean_menu_typo_font_subset":"","ocean_menu_typo_font_size":0,"ocean_menu_typo_font_size_tablet":0,"ocean_menu_typo_font_size_mobile":0,"ocean_menu_typo_font_size_unit":"px","ocean_menu_typo_font_weight":"","ocean_menu_typo_font_weight_tablet":"","ocean_menu_typo_font_weight_mobile":"","ocean_menu_typo_transform":"","ocean_menu_typo_transform_tablet":"","ocean_menu_typo_transform_mobile":"","ocean_menu_typo_line_height":0,"ocean_menu_typo_line_height_tablet":0,"ocean_menu_typo_line_height_mobile":0,"ocean_menu_typo_line_height_unit":"","ocean_menu_typo_spacing":0,"ocean_menu_typo_spacing_tablet":0,"ocean_menu_typo_spacing_mobile":0,"ocean_menu_typo_spacing_unit":"","ocean_menu_link_color":"","ocean_menu_link_color_hover":"","ocean_menu_link_color_active":"","ocean_menu_link_background":"","ocean_menu_link_hover_background":"","ocean_menu_link_active_background":"","ocean_menu_social_links_bg":"","ocean_menu_social_hover_links_bg":"","ocean_menu_social_links_color":"","ocean_menu_social_hover_links_color":"","ocean_disable_title":"default","ocean_disable_heading":"default","ocean_post_title":"","ocean_post_subheading":"","ocean_post_title_style":"","ocean_post_title_background_color":"","ocean_post_title_background":0,"ocean_post_title_bg_image_position":"","ocean_post_title_bg_image_attachment":"","ocean_post_title_bg_image_repeat":"","ocean_post_title_bg_image_size":"","ocean_post_title_height":0,"ocean_post_title_bg_overlay":0.5,"ocean_post_title_bg_overlay_color":"","ocean_disable_breadcrumbs":"default","ocean_breadcrumbs_color":"","ocean_breadcrumbs_separator_color":"","ocean_breadcrumbs_links_color":"","ocean_breadcrumbs_links_hover_color":"","ocean_display_footer_widgets":"default","ocean_display_footer_bottom":"default","ocean_custom_footer_template":"0","footnotes":""},"class_list":["post-265","page","type-page","status-publish","hentry","entry"],"yoast_head":"<!-- This site is optimized with the Yoast SEO plugin v24.5 - https:\/\/yoast.com\/wordpress\/plugins\/seo\/ -->\n<title>LUNCHE - Sofra<\/title>\n<meta name=\"robots\" content=\"index, follow, max-snippet:-1, max-image-preview:large, max-video-preview:-1\" \/>\n<link rel=\"canonical\" href=\"https:\/\/sofra.waw.pl\/?page_id=265\" \/>\n<meta property=\"og:locale\" content=\"pl_PL\" \/>\n<meta property=\"og:type\" content=\"article\" \/>\n<meta property=\"og:title\" content=\"LUNCHE - Sofra\" \/>\n<meta property=\"og:description\" content=\"LUNCHE Szukasz pysznego jedzenia, kt\u00f3re naprawd\u0119 ma smak? Wpadnij na Wilcz\u0105 71 do Sofra Mezze &amp; Food! Czeka na Ciebie kolorowa uczta: aromatyczne hummusy, chrupi\u0105ce falafele, \u015bwie\u017ce warzywa i klimatyczne wn\u0119trze. Tu Bliski Wsch\u00f3d spotyka Warszaw\u0119 \u2013 i to dzia\u0142a! LUNCH W FORMIE ZUPY, DRUGIEGO DANIA, KARAFKI WODY , MINI DESERU I HERBATKI TURECKIEJ \u00a0OD [&hellip;]\" \/>\n<meta property=\"og:url\" content=\"https:\/\/sofra.waw.pl\/?page_id=265\" \/>\n<meta property=\"og:site_name\" content=\"Sofra\" \/>\n<meta property=\"article:publisher\" content=\"https:\/\/www.facebook.com\/sofra.warszawa\/\" \/>\n<meta property=\"article:modified_time\" content=\"2025-06-17T17:35:46+00:00\" \/>\n<meta property=\"og:image\" content=\"https:\/\/sofra.waw.pl\/wp-content\/uploads\/elementor\/thumbs\/SOFRA-all1-r7g9id2lcsnlfk5jyerxasv2ge9l7je4lhpfw54y80.jpg\" \/>\n<meta name=\"twitter:card\" content=\"summary_large_image\" \/>\n<meta name=\"twitter:label1\" content=\"Szacowany czas czytania\" \/>\n\t<meta name=\"twitter:data1\" content=\"1 minuta\" \/>\n<script type=\"application\/ld+json\" class=\"yoast-schema-graph\">{\"@context\":\"https:\/\/schema.org\",\"@graph\":[{\"@type\":\"WebPage\",\"@id\":\"https:\/\/sofra.waw.pl\/?page_id=265\",\"url\":\"https:\/\/sofra.waw.pl\/?page_id=265\",\"name\":\"LUNCHE - Sofra\",\"isPartOf\":{\"@id\":\"https:\/\/sofra.waw.pl\/#website\"},\"primaryImageOfPage\":{\"@id\":\"https:\/\/sofra.waw.pl\/?page_id=265#primaryimage\"},\"image\":{\"@id\":\"https:\/\/sofra.waw.pl\/?page_id=265#primaryimage\"},\"thumbnailUrl\":\"https:\/\/sofra.waw.pl\/wp-content\/uploads\/elementor\/thumbs\/SOFRA-all1-r7g9id2lcsnlfk5jyerxasv2ge9l7je4lhpfw54y80.jpg\",\"datePublished\":\"2020-08-22T18:53:00+00:00\",\"dateModified\":\"2025-06-17T17:35:46+00:00\",\"breadcrumb\":{\"@id\":\"https:\/\/sofra.waw.pl\/?page_id=265#breadcrumb\"},\"inLanguage\":\"pl-PL\",\"potentialAction\":[{\"@type\":\"ReadAction\",\"target\":[\"https:\/\/sofra.waw.pl\/?page_id=265\"]}]},{\"@type\":\"ImageObject\",\"inLanguage\":\"pl-PL\",\"@id\":\"https:\/\/sofra.waw.pl\/?page_id=265#primaryimage\",\"url\":\"https:\/\/sofra.waw.pl\/wp-content\/uploads\/elementor\/thumbs\/SOFRA-all1-r7g9id2lcsnlfk5jyerxasv2ge9l7je4lhpfw54y80.jpg\",\"contentUrl\":\"https:\/\/sofra.waw.pl\/wp-content\/uploads\/elementor\/thumbs\/SOFRA-all1-r7g9id2lcsnlfk5jyerxasv2ge9l7je4lhpfw54y80.jpg\"},{\"@type\":\"BreadcrumbList\",\"@id\":\"https:\/\/sofra.waw.pl\/?page_id=265#breadcrumb\",\"itemListElement\":[{\"@type\":\"ListItem\",\"position\":1,\"name\":\"Strona g\u0142\u00f3wna\",\"item\":\"https:\/\/sofra.waw.pl\/\"},{\"@type\":\"ListItem\",\"position\":2,\"name\":\"LUNCHE\"}]},{\"@type\":\"WebSite\",\"@id\":\"https:\/\/sofra.waw.pl\/#website\",\"url\":\"https:\/\/sofra.waw.pl\/\",\"name\":\"Sofra\",\"description\":\"Sofra Mezze &amp; Food\",\"publisher\":{\"@id\":\"https:\/\/sofra.waw.pl\/#organization\"},\"potentialAction\":[{\"@type\":\"SearchAction\",\"target\":{\"@type\":\"EntryPoint\",\"urlTemplate\":\"https:\/\/sofra.waw.pl\/?s={search_term_string}\"},\"query-input\":{\"@type\":\"PropertyValueSpecification\",\"valueRequired\":true,\"valueName\":\"search_term_string\"}}],\"inLanguage\":\"pl-PL\"},{\"@type\":\"Organization\",\"@id\":\"https:\/\/sofra.waw.pl\/#organization\",\"name\":\"Sofra\",\"url\":\"https:\/\/sofra.waw.pl\/\",\"logo\":{\"@type\":\"ImageObject\",\"inLanguage\":\"pl-PL\",\"@id\":\"https:\/\/sofra.waw.pl\/#\/schema\/logo\/image\/\",\"url\":\"https:\/\/sofra.waw.pl\/wp-content\/uploads\/2022\/01\/cropped-56943_367555509989881_1344063557_o-removebg-preview-9.png\",\"contentUrl\":\"https:\/\/sofra.waw.pl\/wp-content\/uploads\/2022\/01\/cropped-56943_367555509989881_1344063557_o-removebg-preview-9.png\",\"width\":500,\"height\":363,\"caption\":\"Sofra\"},\"image\":{\"@id\":\"https:\/\/sofra.waw.pl\/#\/schema\/logo\/image\/\"},\"sameAs\":[\"https:\/\/www.facebook.com\/sofra.warszawa\/\",\"https:\/\/www.instagram.com\/sofra_mezze_food\/\"]}]}<\/script>\n<!-- \/ Yoast SEO plugin. -->","yoast_head_json":{"title":"LUNCHE - Sofra","robots":{"index":"index","follow":"follow","max-snippet":"max-snippet:-1","max-image-preview":"max-image-preview:large","max-video-preview":"max-video-preview:-1"},"canonical":"https:\/\/sofra.waw.pl\/?page_id=265","og_locale":"pl_PL","og_type":"article","og_title":"LUNCHE - Sofra","og_description":"LUNCHE Szukasz pysznego jedzenia, kt\u00f3re naprawd\u0119 ma smak? Wpadnij na Wilcz\u0105 71 do Sofra Mezze &amp; Food! Czeka na Ciebie kolorowa uczta: aromatyczne hummusy, chrupi\u0105ce falafele, \u015bwie\u017ce warzywa i klimatyczne wn\u0119trze. Tu Bliski Wsch\u00f3d spotyka Warszaw\u0119 \u2013 i to dzia\u0142a! LUNCH W FORMIE ZUPY, DRUGIEGO DANIA, KARAFKI WODY , MINI DESERU I HERBATKI TURECKIEJ \u00a0OD [&hellip;]","og_url":"https:\/\/sofra.waw.pl\/?page_id=265","og_site_name":"Sofra","article_publisher":"https:\/\/www.facebook.com\/sofra.warszawa\/","article_modified_time":"2025-06-17T17:35:46+00:00","og_image":[{"url":"https:\/\/sofra.waw.pl\/wp-content\/uploads\/elementor\/thumbs\/SOFRA-all1-r7g9id2lcsnlfk5jyerxasv2ge9l7je4lhpfw54y80.jpg","type":"","width":"","height":""}],"twitter_card":"summary_large_image","twitter_misc":{"Szacowany czas czytania":"1 minuta"},"schema":{"@context":"https:\/\/schema.org","@graph":[{"@type":"WebPage","@id":"https:\/\/sofra.waw.pl\/?page_id=265","url":"https:\/\/sofra.waw.pl\/?page_id=265","name":"LUNCHE - Sofra","isPartOf":{"@id":"https:\/\/sofra.waw.pl\/#website"},"primaryImageOfPage":{"@id":"https:\/\/sofra.waw.pl\/?page_id=265#primaryimage"},"image":{"@id":"https:\/\/sofra.waw.pl\/?page_id=265#primaryimage"},"thumbnailUrl":"https:\/\/sofra.waw.pl\/wp-content\/uploads\/elementor\/thumbs\/SOFRA-all1-r7g9id2lcsnlfk5jyerxasv2ge9l7je4lhpfw54y80.jpg","datePublished":"2020-08-22T18:53:00+00:00","dateModified":"2025-06-17T17:35:46+00:00","breadcrumb":{"@id":"https:\/\/sofra.waw.pl\/?page_id=265#breadcrumb"},"inLanguage":"pl-PL","potentialAction":[{"@type":"ReadAction","target":["https:\/\/sofra.waw.pl\/?page_id=265"]}]},{"@type":"ImageObject","inLanguage":"pl-PL","@id":"https:\/\/sofra.waw.pl\/?page_id=265#primaryimage","url":"https:\/\/sofra.waw.pl\/wp-content\/uploads\/elementor\/thumbs\/SOFRA-all1-r7g9id2lcsnlfk5jyerxasv2ge9l7je4lhpfw54y80.jpg","contentUrl":"https:\/\/sofra.waw.pl\/wp-content\/uploads\/elementor\/thumbs\/SOFRA-all1-r7g9id2lcsnlfk5jyerxasv2ge9l7je4lhpfw54y80.jpg"},{"@type":"BreadcrumbList","@id":"https:\/\/sofra.waw.pl\/?page_id=265#breadcrumb","itemListElement":[{"@type":"ListItem","position":1,"name":"Strona g\u0142\u00f3wna","item":"https:\/\/sofra.waw.pl\/"},{"@type":"ListItem","position":2,"name":"LUNCHE"}]},{"@type":"WebSite","@id":"https:\/\/sofra.waw.pl\/#website","url":"https:\/\/sofra.waw.pl\/","name":"Sofra","description":"Sofra Mezze &amp; Food","publisher":{"@id":"https:\/\/sofra.waw.pl\/#organization"},"potentialAction":[{"@type":"SearchAction","target":{"@type":"EntryPoint","urlTemplate":"https:\/\/sofra.waw.pl\/?s={search_term_string}"},"query-input":{"@type":"PropertyValueSpecification","valueRequired":true,"valueName":"search_term_string"}}],"inLanguage":"pl-PL"},{"@type":"Organization","@id":"https:\/\/sofra.waw.pl\/#organization","name":"Sofra","url":"https:\/\/sofra.waw.pl\/","logo":{"@type":"ImageObject","inLanguage":"pl-PL","@id":"https:\/\/sofra.waw.pl\/#\/schema\/logo\/image\/","url":"https:\/\/sofra.waw.pl\/wp-content\/uploads\/2022\/01\/cropped-56943_367555509989881_1344063557_o-removebg-preview-9.png","contentUrl":"https:\/\/sofra.waw.pl\/wp-content\/uploads\/2022\/01\/cropped-56943_367555509989881_1344063557_o-removebg-preview-9.png","width":500,"height":363,"caption":"Sofra"},"image":{"@id":"https:\/\/sofra.waw.pl\/#\/schema\/logo\/image\/"},"sameAs":["https:\/\/www.facebook.com\/sofra.warszawa\/","https:\/\/www.instagram.com\/sofra_mezze_food\/"]}]}},"_links":{"self":[{"href":"https:\/\/sofra.waw.pl\/index.php?rest_route=\/wp\/v2\/pages\/265","targetHints":{"allow":["GET"]}}],"collection":[{"href":"https:\/\/sofra.waw.pl\/index.php?rest_route=\/wp\/v2\/pages"}],"about":[{"href":"https:\/\/sofra.waw.pl\/index.php?rest_route=\/wp\/v2\/types\/page"}],"author":[{"embeddable":true,"href":"https:\/\/sofra.waw.pl\/index.php?rest_route=\/wp\/v2\/users\/2"}],"replies":[{"embeddable":true,"href":"https:\/\/sofra.waw.pl\/index.php?rest_route=%2Fwp%2Fv2%2Fcomments&post=265"}],"version-history":[{"count":71,"href":"https:\/\/sofra.waw.pl\/index.php?rest_route=\/wp\/v2\/pages\/265\/revisions"}],"predecessor-version":[{"id":2296,"href":"https:\/\/sofra.waw.pl\/index.php?rest_route=\/wp\/v2\/pages\/265\/revisions\/2296"}],"wp:attachment":[{"href":"https:\/\/sofra.waw.pl\/index.php?rest_route=%2Fwp%2Fv2%2Fmedia&parent=265"}],"curies":[{"name":"wp","href":"https:\/\/api.w.org\/{rel}","templated":true}]}}