{"id":490,"date":"2020-09-09T22:12:12","date_gmt":"2020-09-09T21:12:12","guid":{"rendered":"https:\/\/cafemozaika.pl\/?page_id=490"},"modified":"2023-04-17T08:28:52","modified_gmt":"2023-04-17T07:28:52","slug":"elementor-490","status":"publish","type":"page","link":"https:\/\/sofra.waw.pl\/?page_id=490","title":{"rendered":"Rezerwacje"},"content":{"rendered":"\t\t<div data-elementor-type=\"wp-page\" data-elementor-id=\"490\" class=\"elementor elementor-490\">\n\t\t\t\t\t\t<section class=\"elementor-section elementor-top-section elementor-element elementor-element-c71ee45 elementor-section-stretched elementor-section-full_width elementor-section-height-min-height elementor-section-items-bottom animated-fast elementor-section-height-default elementor-invisible\" data-id=\"c71ee45\" data-element_type=\"section\" data-settings=\"{&quot;background_background&quot;:&quot;classic&quot;,&quot;animation&quot;:&quot;fadeIn&quot;,&quot;stretch_section&quot;:&quot;section-stretched&quot;,&quot;animation_mobile&quot;:&quot;fadeIn&quot;}\">\n\t\t\t\t\t\t\t<div class=\"elementor-background-overlay\"><\/div>\n\t\t\t\t\t\t\t<div class=\"elementor-container elementor-column-gap-no\">\n\t\t\t\t\t<div class=\"elementor-column elementor-col-100 elementor-top-column elementor-element elementor-element-a930961 elementor-invisible\" data-id=\"a930961\" data-element_type=\"column\" data-settings=\"{&quot;animation&quot;:&quot;fadeIn&quot;}\">\n\t\t\t<div class=\"elementor-widget-wrap elementor-element-populated\">\n\t\t\t\t\t\t<div class=\"elementor-element elementor-element-59a6dc6 animated-slow elementor-widget__width-inherit elementor-invisible elementor-widget elementor-widget-heading\" data-id=\"59a6dc6\" data-element_type=\"widget\" data-settings=\"{&quot;_animation&quot;:&quot;fadeIn&quot;}\" data-widget_type=\"heading.default\">\n\t\t\t\t<div class=\"elementor-widget-container\">\n\t\t\t\t\t<h2 class=\"elementor-heading-title elementor-size-large\">Zr\u00f3b rezerwacj\u0118<\/h2>\t\t\t\t<\/div>\n\t\t\t\t<\/div>\n\t\t\t\t\t<\/div>\n\t\t<\/div>\n\t\t\t\t\t<\/div>\n\t\t<\/section>\n\t\t\t\t<section class=\"elementor-section elementor-top-section elementor-element elementor-element-c57773e elementor-section-boxed elementor-section-height-default elementor-section-height-default\" data-id=\"c57773e\" data-element_type=\"section\">\n\t\t\t\t\t\t<div class=\"elementor-container elementor-column-gap-default\">\n\t\t\t\t\t<div class=\"elementor-column elementor-col-100 elementor-top-column elementor-element elementor-element-a09d0ef\" data-id=\"a09d0ef\" data-element_type=\"column\">\n\t\t\t<div class=\"elementor-widget-wrap elementor-element-populated\">\n\t\t\t\t\t\t<div class=\"elementor-element elementor-element-5c134a7 elementor-invisible elementor-widget elementor-widget-text-editor\" data-id=\"5c134a7\" data-element_type=\"widget\" data-settings=\"{&quot;_animation&quot;:&quot;fadeIn&quot;}\" data-widget_type=\"text-editor.default\">\n\t\t\t\t<div class=\"elementor-widget-container\">\n\t\t\t\t\t\t\t\t\t<p class=\"p1\"><span class=\"s1\">WYGODNE REZERWACJE ONLINE PRZEZ STRON\u0118 M\u00d3J STOLIK<\/span><\/p>\t\t\t\t\t\t\t\t<\/div>\n\t\t\t\t<\/div>\n\t\t\t\t<div class=\"elementor-element elementor-element-5313c79 elementor-invisible elementor-widget elementor-widget-text-editor\" data-id=\"5313c79\" data-element_type=\"widget\" data-settings=\"{&quot;_animation&quot;:&quot;fadeIn&quot;}\" data-widget_type=\"text-editor.default\">\n\t\t\t\t<div class=\"elementor-widget-container\">\n\t\t\t\t\t\t\t\t\t<p><br>Szanowni Go\u015bcie, prosimy o sk\u0142adanie rezerwacji online przez stron\u0119 <a href=\"https:\/\/bit.ly\/3KHOVzZ\">M\u00f3j Stolik.<\/a>&nbsp;<br><br>Prosimy o sprawdzenie poprawno\u015bci numeru telefonu, aby\u015bmy mieli mo\u017cliwo\u015b\u0107 skontaktowania si\u0119 z Pa\u0144stwem i potwierdzenia wszystkich szczeg\u00f3\u0142\u00f3w rezerwacji. <br><br>Informacje o szczeg\u00f3lnych potrzebach czy konieczno\u015bci wystawienia faktury nale\u017cy umie\u015bci\u0107 w polu&nbsp;<span style=\"color: rgb(118, 118, 118); font-family: Rubik, sans-serif; font-size: 13px; font-style: normal; font-variant-ligatures: normal; font-variant-caps: normal; font-weight: 100; text-transform: uppercase;\">UWAGI DOTYCZ\u0104CE REZERWACJI.&nbsp;<\/span><br><br>Do zobaczenia w Sofrze!&nbsp;<br><br><br><br><\/p>\t\t\t\t\t\t\t\t<\/div>\n\t\t\t\t<\/div>\n\t\t\t\t\t<\/div>\n\t\t<\/div>\n\t\t\t\t\t<\/div>\n\t\t<\/section>\n\t\t\t\t<\/div>\n\t\t","protected":false},"excerpt":{"rendered":"<p>Zr\u00f3b rezerwacj\u0118 WYGODNE REZERWACJE ONLINE PRZEZ STRON\u0118 M\u00d3J STOLIK Szanowni Go\u015bcie, prosimy o sk\u0142adanie rezerwacji online przez stron\u0119 M\u00f3j Stolik.&nbsp; Prosimy o sprawdzenie poprawno\u015bci numeru telefonu, aby\u015bmy mieli mo\u017cliwo\u015b\u0107 skontaktowania si\u0119 z Pa\u0144stwem i potwierdzenia wszystkich szczeg\u00f3\u0142\u00f3w rezerwacji. Informacje o szczeg\u00f3lnych potrzebach czy konieczno\u015bci wystawienia faktury nale\u017cy umie\u015bci\u0107 w polu&nbsp;UWAGI DOTYCZ\u0104CE REZERWACJI.&nbsp; Do zobaczenia w [&hellip;]<\/p>\n","protected":false},"author":1,"featured_media":0,"parent":0,"menu_order":0,"comment_status":"closed","ping_status":"closed","template":"","meta":{"ocean_post_layout":"","ocean_both_sidebars_style":"","ocean_both_sidebars_content_width":0,"ocean_both_sidebars_sidebars_width":0,"ocean_sidebar":"0","ocean_second_sidebar":"0","ocean_disable_margins":"enable","ocean_add_body_class":"","ocean_shortcode_before_top_bar":"","ocean_shortcode_after_top_bar":"","ocean_shortcode_before_header":"","ocean_shortcode_after_header":"","ocean_has_shortcode":"","ocean_shortcode_after_title":"","ocean_shortcode_before_footer_widgets":"","ocean_shortcode_after_footer_widgets":"","ocean_shortcode_before_footer_bottom":"","ocean_shortcode_after_footer_bottom":"","ocean_display_top_bar":"default","ocean_display_header":"default","ocean_header_style":"","ocean_center_header_left_menu":"0","ocean_custom_header_template":"0","ocean_custom_logo":0,"ocean_custom_retina_logo":0,"ocean_custom_logo_max_width":0,"ocean_custom_logo_tablet_max_width":0,"ocean_custom_logo_mobile_max_width":0,"ocean_custom_logo_max_height":0,"ocean_custom_logo_tablet_max_height":0,"ocean_custom_logo_mobile_max_height":0,"ocean_header_custom_menu":"0","ocean_menu_typo_font_family":"0","ocean_menu_typo_font_subset":"","ocean_menu_typo_font_size":0,"ocean_menu_typo_font_size_tablet":0,"ocean_menu_typo_font_size_mobile":0,"ocean_menu_typo_font_size_unit":"px","ocean_menu_typo_font_weight":"","ocean_menu_typo_font_weight_tablet":"","ocean_menu_typo_font_weight_mobile":"","ocean_menu_typo_transform":"","ocean_menu_typo_transform_tablet":"","ocean_menu_typo_transform_mobile":"","ocean_menu_typo_line_height":0,"ocean_menu_typo_line_height_tablet":0,"ocean_menu_typo_line_height_mobile":0,"ocean_menu_typo_line_height_unit":"","ocean_menu_typo_spacing":0,"ocean_menu_typo_spacing_tablet":0,"ocean_menu_typo_spacing_mobile":0,"ocean_menu_typo_spacing_unit":"","ocean_menu_link_color":"","ocean_menu_link_color_hover":"","ocean_menu_link_color_active":"","ocean_menu_link_background":"","ocean_menu_link_hover_background":"","ocean_menu_link_active_background":"","ocean_menu_social_links_bg":"","ocean_menu_social_hover_links_bg":"","ocean_menu_social_links_color":"","ocean_menu_social_hover_links_color":"","ocean_disable_title":"default","ocean_disable_heading":"default","ocean_post_title":"","ocean_post_subheading":"","ocean_post_title_style":"","ocean_post_title_background_color":"","ocean_post_title_background":0,"ocean_post_title_bg_image_position":"","ocean_post_title_bg_image_attachment":"","ocean_post_title_bg_image_repeat":"","ocean_post_title_bg_image_size":"","ocean_post_title_height":0,"ocean_post_title_bg_overlay":0.5,"ocean_post_title_bg_overlay_color":"","ocean_disable_breadcrumbs":"default","ocean_breadcrumbs_color":"","ocean_breadcrumbs_separator_color":"","ocean_breadcrumbs_links_color":"","ocean_breadcrumbs_links_hover_color":"","ocean_display_footer_widgets":"default","ocean_display_footer_bottom":"default","ocean_custom_footer_template":"0","footnotes":""},"class_list":["post-490","page","type-page","status-publish","hentry","entry"],"yoast_head":"<!-- This site is optimized with the Yoast SEO plugin v24.5 - https:\/\/yoast.com\/wordpress\/plugins\/seo\/ -->\n<title>Rezerwacje - Sofra<\/title>\n<meta name=\"robots\" content=\"index, follow, max-snippet:-1, max-image-preview:large, max-video-preview:-1\" \/>\n<link rel=\"canonical\" href=\"https:\/\/sofra.waw.pl\/?page_id=490\" \/>\n<meta property=\"og:locale\" content=\"pl_PL\" \/>\n<meta property=\"og:type\" content=\"article\" \/>\n<meta property=\"og:title\" content=\"Rezerwacje - Sofra\" \/>\n<meta property=\"og:description\" content=\"Zr\u00f3b rezerwacj\u0118 WYGODNE REZERWACJE ONLINE PRZEZ STRON\u0118 M\u00d3J STOLIK Szanowni Go\u015bcie, prosimy o sk\u0142adanie rezerwacji online przez stron\u0119 M\u00f3j Stolik.&nbsp; Prosimy o sprawdzenie poprawno\u015bci numeru telefonu, aby\u015bmy mieli mo\u017cliwo\u015b\u0107 skontaktowania si\u0119 z Pa\u0144stwem i potwierdzenia wszystkich szczeg\u00f3\u0142\u00f3w rezerwacji. Informacje o szczeg\u00f3lnych potrzebach czy konieczno\u015bci wystawienia faktury nale\u017cy umie\u015bci\u0107 w polu&nbsp;UWAGI DOTYCZ\u0104CE REZERWACJI.&nbsp; Do zobaczenia w [&hellip;]\" \/>\n<meta property=\"og:url\" content=\"https:\/\/sofra.waw.pl\/?page_id=490\" \/>\n<meta property=\"og:site_name\" content=\"Sofra\" \/>\n<meta property=\"article:publisher\" content=\"https:\/\/www.facebook.com\/sofra.warszawa\/\" \/>\n<meta property=\"article:modified_time\" content=\"2023-04-17T07:28:52+00:00\" \/>\n<meta name=\"twitter:card\" content=\"summary_large_image\" \/>\n<script type=\"application\/ld+json\" class=\"yoast-schema-graph\">{\"@context\":\"https:\/\/schema.org\",\"@graph\":[{\"@type\":\"WebPage\",\"@id\":\"https:\/\/sofra.waw.pl\/?page_id=490\",\"url\":\"https:\/\/sofra.waw.pl\/?page_id=490\",\"name\":\"Rezerwacje - Sofra\",\"isPartOf\":{\"@id\":\"https:\/\/sofra.waw.pl\/#website\"},\"datePublished\":\"2020-09-09T21:12:12+00:00\",\"dateModified\":\"2023-04-17T07:28:52+00:00\",\"breadcrumb\":{\"@id\":\"https:\/\/sofra.waw.pl\/?page_id=490#breadcrumb\"},\"inLanguage\":\"pl-PL\",\"potentialAction\":[{\"@type\":\"ReadAction\",\"target\":[\"https:\/\/sofra.waw.pl\/?page_id=490\"]}]},{\"@type\":\"BreadcrumbList\",\"@id\":\"https:\/\/sofra.waw.pl\/?page_id=490#breadcrumb\",\"itemListElement\":[{\"@type\":\"ListItem\",\"position\":1,\"name\":\"Strona g\u0142\u00f3wna\",\"item\":\"https:\/\/sofra.waw.pl\/\"},{\"@type\":\"ListItem\",\"position\":2,\"name\":\"Rezerwacje\"}]},{\"@type\":\"WebSite\",\"@id\":\"https:\/\/sofra.waw.pl\/#website\",\"url\":\"https:\/\/sofra.waw.pl\/\",\"name\":\"Sofra\",\"description\":\"Sofra Mezze &amp; Food\",\"publisher\":{\"@id\":\"https:\/\/sofra.waw.pl\/#organization\"},\"potentialAction\":[{\"@type\":\"SearchAction\",\"target\":{\"@type\":\"EntryPoint\",\"urlTemplate\":\"https:\/\/sofra.waw.pl\/?s={search_term_string}\"},\"query-input\":{\"@type\":\"PropertyValueSpecification\",\"valueRequired\":true,\"valueName\":\"search_term_string\"}}],\"inLanguage\":\"pl-PL\"},{\"@type\":\"Organization\",\"@id\":\"https:\/\/sofra.waw.pl\/#organization\",\"name\":\"Sofra\",\"url\":\"https:\/\/sofra.waw.pl\/\",\"logo\":{\"@type\":\"ImageObject\",\"inLanguage\":\"pl-PL\",\"@id\":\"https:\/\/sofra.waw.pl\/#\/schema\/logo\/image\/\",\"url\":\"https:\/\/sofra.waw.pl\/wp-content\/uploads\/2022\/01\/cropped-56943_367555509989881_1344063557_o-removebg-preview-9.png\",\"contentUrl\":\"https:\/\/sofra.waw.pl\/wp-content\/uploads\/2022\/01\/cropped-56943_367555509989881_1344063557_o-removebg-preview-9.png\",\"width\":500,\"height\":363,\"caption\":\"Sofra\"},\"image\":{\"@id\":\"https:\/\/sofra.waw.pl\/#\/schema\/logo\/image\/\"},\"sameAs\":[\"https:\/\/www.facebook.com\/sofra.warszawa\/\",\"https:\/\/www.instagram.com\/sofra_mezze_food\/\"]}]}<\/script>\n<!-- \/ Yoast SEO plugin. -->","yoast_head_json":{"title":"Rezerwacje - Sofra","robots":{"index":"index","follow":"follow","max-snippet":"max-snippet:-1","max-image-preview":"max-image-preview:large","max-video-preview":"max-video-preview:-1"},"canonical":"https:\/\/sofra.waw.pl\/?page_id=490","og_locale":"pl_PL","og_type":"article","og_title":"Rezerwacje - Sofra","og_description":"Zr\u00f3b rezerwacj\u0118 WYGODNE REZERWACJE ONLINE PRZEZ STRON\u0118 M\u00d3J STOLIK Szanowni Go\u015bcie, prosimy o sk\u0142adanie rezerwacji online przez stron\u0119 M\u00f3j Stolik.&nbsp; Prosimy o sprawdzenie poprawno\u015bci numeru telefonu, aby\u015bmy mieli mo\u017cliwo\u015b\u0107 skontaktowania si\u0119 z Pa\u0144stwem i potwierdzenia wszystkich szczeg\u00f3\u0142\u00f3w rezerwacji. Informacje o szczeg\u00f3lnych potrzebach czy konieczno\u015bci wystawienia faktury nale\u017cy umie\u015bci\u0107 w polu&nbsp;UWAGI DOTYCZ\u0104CE REZERWACJI.&nbsp; Do zobaczenia w [&hellip;]","og_url":"https:\/\/sofra.waw.pl\/?page_id=490","og_site_name":"Sofra","article_publisher":"https:\/\/www.facebook.com\/sofra.warszawa\/","article_modified_time":"2023-04-17T07:28:52+00:00","twitter_card":"summary_large_image","schema":{"@context":"https:\/\/schema.org","@graph":[{"@type":"WebPage","@id":"https:\/\/sofra.waw.pl\/?page_id=490","url":"https:\/\/sofra.waw.pl\/?page_id=490","name":"Rezerwacje - Sofra","isPartOf":{"@id":"https:\/\/sofra.waw.pl\/#website"},"datePublished":"2020-09-09T21:12:12+00:00","dateModified":"2023-04-17T07:28:52+00:00","breadcrumb":{"@id":"https:\/\/sofra.waw.pl\/?page_id=490#breadcrumb"},"inLanguage":"pl-PL","potentialAction":[{"@type":"ReadAction","target":["https:\/\/sofra.waw.pl\/?page_id=490"]}]},{"@type":"BreadcrumbList","@id":"https:\/\/sofra.waw.pl\/?page_id=490#breadcrumb","itemListElement":[{"@type":"ListItem","position":1,"name":"Strona g\u0142\u00f3wna","item":"https:\/\/sofra.waw.pl\/"},{"@type":"ListItem","position":2,"name":"Rezerwacje"}]},{"@type":"WebSite","@id":"https:\/\/sofra.waw.pl\/#website","url":"https:\/\/sofra.waw.pl\/","name":"Sofra","description":"Sofra Mezze &amp; Food","publisher":{"@id":"https:\/\/sofra.waw.pl\/#organization"},"potentialAction":[{"@type":"SearchAction","target":{"@type":"EntryPoint","urlTemplate":"https:\/\/sofra.waw.pl\/?s={search_term_string}"},"query-input":{"@type":"PropertyValueSpecification","valueRequired":true,"valueName":"search_term_string"}}],"inLanguage":"pl-PL"},{"@type":"Organization","@id":"https:\/\/sofra.waw.pl\/#organization","name":"Sofra","url":"https:\/\/sofra.waw.pl\/","logo":{"@type":"ImageObject","inLanguage":"pl-PL","@id":"https:\/\/sofra.waw.pl\/#\/schema\/logo\/image\/","url":"https:\/\/sofra.waw.pl\/wp-content\/uploads\/2022\/01\/cropped-56943_367555509989881_1344063557_o-removebg-preview-9.png","contentUrl":"https:\/\/sofra.waw.pl\/wp-content\/uploads\/2022\/01\/cropped-56943_367555509989881_1344063557_o-removebg-preview-9.png","width":500,"height":363,"caption":"Sofra"},"image":{"@id":"https:\/\/sofra.waw.pl\/#\/schema\/logo\/image\/"},"sameAs":["https:\/\/www.facebook.com\/sofra.warszawa\/","https:\/\/www.instagram.com\/sofra_mezze_food\/"]}]}},"_links":{"self":[{"href":"https:\/\/sofra.waw.pl\/index.php?rest_route=\/wp\/v2\/pages\/490","targetHints":{"allow":["GET"]}}],"collection":[{"href":"https:\/\/sofra.waw.pl\/index.php?rest_route=\/wp\/v2\/pages"}],"about":[{"href":"https:\/\/sofra.waw.pl\/index.php?rest_route=\/wp\/v2\/types\/page"}],"author":[{"embeddable":true,"href":"https:\/\/sofra.waw.pl\/index.php?rest_route=\/wp\/v2\/users\/1"}],"replies":[{"embeddable":true,"href":"https:\/\/sofra.waw.pl\/index.php?rest_route=%2Fwp%2Fv2%2Fcomments&post=490"}],"version-history":[{"count":87,"href":"https:\/\/sofra.waw.pl\/index.php?rest_route=\/wp\/v2\/pages\/490\/revisions"}],"predecessor-version":[{"id":2247,"href":"https:\/\/sofra.waw.pl\/index.php?rest_route=\/wp\/v2\/pages\/490\/revisions\/2247"}],"wp:attachment":[{"href":"https:\/\/sofra.waw.pl\/index.php?rest_route=%2Fwp%2Fv2%2Fmedia&parent=490"}],"curies":[{"name":"wp","href":"https:\/\/api.w.org\/{rel}","templated":true}]}}